{"id":325,"date":"2024-07-23T23:03:48","date_gmt":"2024-07-23T23:03:48","guid":{"rendered":"https:\/\/plastix.com.co\/?page_id=325"},"modified":"2024-09-03T15:35:54","modified_gmt":"2024-09-03T15:35:54","slug":"proyectos-especiales","status":"publish","type":"page","link":"https:\/\/plastix.com.co\/en\/proyectos-especiales\/","title":{"rendered":"Proyectos Especiales"},"content":{"rendered":"<div data-elementor-type=\"wp-page\" data-elementor-id=\"325\" class=\"elementor elementor-325\" data-elementor-post-type=\"page\">\n\t\t\t\t\t\t<section class=\"elementor-section elementor-top-section elementor-element elementor-element-a8c65f1 elementor-section-boxed elementor-section-height-default elementor-section-height-default\" data-id=\"a8c65f1\" data-element_type=\"section\" data-settings=\"{&quot;background_background&quot;:&quot;classic&quot;}\">\n\t\t\t\t\t\t\t<div class=\"elementor-background-overlay\"><\/div>\n\t\t\t\t\t\t\t<div class=\"elementor-container elementor-column-gap-default\">\n\t\t\t\t\t<div class=\"elementor-column elementor-col-100 elementor-top-column elementor-element elementor-element-3a4e878d\" data-id=\"3a4e878d\" data-element_type=\"column\">\n\t\t\t<div class=\"elementor-widget-wrap elementor-element-populated\">\n\t\t\t\t\t\t<div class=\"elementor-element elementor-element-3f63e160 elementor-widget elementor-widget-heading\" data-id=\"3f63e160\" data-element_type=\"widget\" data-widget_type=\"heading.default\">\n\t\t\t\t<div class=\"elementor-widget-container\">\n\t\t\t\t\t<h1 class=\"elementor-heading-title elementor-size-default\">Proyectos Especiales<\/h1>\t\t\t\t<\/div>\n\t\t\t\t<\/div>\n\t\t\t\t<div class=\"elementor-element elementor-element-45db5af1 elementor-widget elementor-widget-heading\" data-id=\"45db5af1\" data-element_type=\"widget\" data-widget_type=\"heading.default\">\n\t\t\t\t<div class=\"elementor-widget-container\">\n\t\t\t\t\t<h5 class=\"elementor-heading-title elementor-size-default\">Plastix Tecnolog\u00eda se especializa en aplicaciones espec\u00edficas de moldeo por inyecci\u00f3n que requieren un enfoque personalizado y soluciones innovadoras.<\/h5>\t\t\t\t<\/div>\n\t\t\t\t<\/div>\n\t\t\t\t\t<\/div>\n\t\t<\/div>\n\t\t\t\t\t<\/div>\n\t\t<\/section>\n\t\t\t\t<section class=\"elementor-section elementor-top-section elementor-element elementor-element-39da408b elementor-section-boxed elementor-section-height-default elementor-section-height-default\" data-id=\"39da408b\" data-element_type=\"section\">\n\t\t\t\t\t\t<div class=\"elementor-container elementor-column-gap-default\">\n\t\t\t\t\t<div class=\"elementor-column elementor-col-100 elementor-top-column elementor-element elementor-element-73dada86\" data-id=\"73dada86\" data-element_type=\"column\" data-settings=\"{&quot;background_background&quot;:&quot;classic&quot;}\">\n\t\t\t<div class=\"elementor-widget-wrap elementor-element-populated\">\n\t\t\t\t\t\t<div class=\"elementor-element elementor-element-fc4c116 elementor-icon-list--layout-inline elementor-align-center elementor-list-item-link-full_width elementor-widget elementor-widget-icon-list\" data-id=\"fc4c116\" data-element_type=\"widget\" data-widget_type=\"icon-list.default\">\n\t\t\t\t<div class=\"elementor-widget-container\">\n\t\t\t\t\t\t\t<ul class=\"elementor-icon-list-items elementor-inline-items\">\n\t\t\t\t\t\t\t<li class=\"elementor-icon-list-item elementor-inline-item\">\n\t\t\t\t\t\t\t\t\t\t\t<a href=\"https:\/\/plastix.com.co\/en\/\">\n\n\t\t\t\t\t\t\t\t\t\t\t<span class=\"elementor-icon-list-text\">Home<\/span>\n\t\t\t\t\t\t\t\t\t\t\t<\/a>\n\t\t\t\t\t\t\t\t\t<\/li>\n\t\t\t\t\t\t\t\t<li class=\"elementor-icon-list-item elementor-inline-item\">\n\t\t\t\t\t\t\t\t\t\t\t<a href=\"https:\/\/plastix.com.co\/en\/aplicaciones-especializadas\/\">\n\n\t\t\t\t\t\t\t\t\t\t\t\t<span class=\"elementor-icon-list-icon\">\n\t\t\t\t\t\t\t<i aria-hidden=\"true\" class=\"icon icon-right-arrow2\"><\/i>\t\t\t\t\t\t<\/span>\n\t\t\t\t\t\t\t\t\t\t<span class=\"elementor-icon-list-text\">Specialized Applications<\/span>\n\t\t\t\t\t\t\t\t\t\t\t<\/a>\n\t\t\t\t\t\t\t\t\t<\/li>\n\t\t\t\t\t\t<\/ul>\n\t\t\t\t\t\t<\/div>\n\t\t\t\t<\/div>\n\t\t\t\t<div class=\"elementor-element elementor-element-1ad21a8 elementor-widget elementor-widget-heading\" data-id=\"1ad21a8\" data-element_type=\"widget\" data-widget_type=\"heading.default\">\n\t\t\t\t<div class=\"elementor-widget-container\">\n\t\t\t\t\t<h2 class=\"elementor-heading-title elementor-size-default\">Plastix Tecnolog\u00eda<\/h2>\t\t\t\t<\/div>\n\t\t\t\t<\/div>\n\t\t\t\t\t<\/div>\n\t\t<\/div>\n\t\t\t\t\t<\/div>\n\t\t<\/section>\n\t\t\t\t<section class=\"elementor-section elementor-top-section elementor-element elementor-element-6b529235 elementor-section-boxed elementor-section-height-default elementor-section-height-default\" data-id=\"6b529235\" data-element_type=\"section\" data-settings=\"{&quot;background_background&quot;:&quot;classic&quot;}\">\n\t\t\t\t\t\t<div class=\"elementor-container elementor-column-gap-default\">\n\t\t\t\t\t<div class=\"elementor-column elementor-col-50 elementor-top-column elementor-element elementor-element-34627d8b\" data-id=\"34627d8b\" data-element_type=\"column\">\n\t\t\t<div class=\"elementor-widget-wrap elementor-element-populated\">\n\t\t\t\t\t\t<div class=\"elementor-element elementor-element-873c29a elementor-widget elementor-widget-heading\" data-id=\"873c29a\" data-element_type=\"widget\" data-widget_type=\"heading.default\">\n\t\t\t\t<div class=\"elementor-widget-container\">\n\t\t\t\t\t<h2 class=\"elementor-heading-title elementor-size-default\">Description:<\/h2>\t\t\t\t<\/div>\n\t\t\t\t<\/div>\n\t\t\t\t<div class=\"elementor-element elementor-element-f5694f5 elementor-widget elementor-widget-text-editor\" data-id=\"f5694f5\" data-element_type=\"widget\" data-widget_type=\"text-editor.default\">\n\t\t\t\t<div class=\"elementor-widget-container\">\n\t\t\t\t\t\t\t\t\t<p><strong>Descripci\u00f3n<\/strong>: Plastix Tecnolog\u00eda se especializa en aplicaciones espec\u00edficas de moldeo por inyecci\u00f3n que requieren un enfoque personalizado y soluciones innovadoras. Trabajamos estrechamente con nuestros clientes para desarrollar aplicaciones que cumplan con los requisitos t\u00e9cnicos y funcionales \u00fanicos de sus proyectos. Nuestro equipo de I+D se dedica a explorar nuevas t\u00e9cnicas y materiales para ofrecer resultados excepcionales en cada aplicaci\u00f3n.<\/p>\t\t\t\t\t\t\t\t<\/div>\n\t\t\t\t<\/div>\n\t\t\t\t<div class=\"elementor-element elementor-element-2cb99bac elementor-widget elementor-widget-button\" data-id=\"2cb99bac\" data-element_type=\"widget\" data-widget_type=\"button.default\">\n\t\t\t\t<div class=\"elementor-widget-container\">\n\t\t\t\t\t\t\t\t\t<div class=\"elementor-button-wrapper\">\n\t\t\t\t\t<a class=\"elementor-button elementor-button-link elementor-size-md\" href=\"https:\/\/plastix.com.co\/en\/contactanos\/\">\n\t\t\t\t\t\t<span class=\"elementor-button-content-wrapper\">\n\t\t\t\t\t\t\t\t\t<span class=\"elementor-button-text\">Contact Us <\/span>\n\t\t\t\t\t<\/span>\n\t\t\t\t\t<\/a>\n\t\t\t\t<\/div>\n\t\t\t\t\t\t\t\t<\/div>\n\t\t\t\t<\/div>\n\t\t\t\t\t<\/div>\n\t\t<\/div>\n\t\t\t\t<div class=\"elementor-column elementor-col-50 elementor-top-column elementor-element elementor-element-2c93e879\" data-id=\"2c93e879\" data-element_type=\"column\">\n\t\t\t<div class=\"elementor-widget-wrap elementor-element-populated\">\n\t\t\t\t\t\t<div class=\"elementor-element elementor-element-46b6b78f elementor-widget elementor-widget-image\" data-id=\"46b6b78f\" data-element_type=\"widget\" data-widget_type=\"image.default\">\n\t\t\t\t<div class=\"elementor-widget-container\">\n\t\t\t\t\t\t\t\t\t\t\t\t\t\t\t<img fetchpriority=\"high\" decoding=\"async\" width=\"800\" height=\"450\" src=\"https:\/\/plastix.com.co\/wp-content\/uploads\/2024\/07\/image_id_93845-1024x576.webp\" class=\"attachment-large size-large wp-image-389\" alt=\"\" srcset=\"https:\/\/plastix.com.co\/wp-content\/uploads\/2024\/07\/image_id_93845-1024x576.webp 1024w, https:\/\/plastix.com.co\/wp-content\/uploads\/2024\/07\/image_id_93845-300x169.webp 300w, https:\/\/plastix.com.co\/wp-content\/uploads\/2024\/07\/image_id_93845-768x432.webp 768w, https:\/\/plastix.com.co\/wp-content\/uploads\/2024\/07\/image_id_93845-1536x864.webp 1536w, https:\/\/plastix.com.co\/wp-content\/uploads\/2024\/07\/image_id_93845.webp 1920w\" sizes=\"(max-width: 800px) 100vw, 800px\" \/>\t\t\t\t\t\t\t\t\t\t\t\t\t\t\t<\/div>\n\t\t\t\t<\/div>\n\t\t\t\t\t<\/div>\n\t\t<\/div>\n\t\t\t\t\t<\/div>\n\t\t<\/section>\n\t\t\t\t<\/div>","protected":false},"excerpt":{"rendered":"<p>Proyectos Especiales Plastix Tecnolog\u00eda se especializa en aplicaciones espec\u00edficas de moldeo por inyecci\u00f3n que requieren un enfoque personalizado y soluciones innovadoras. Inicio Aplicaciones Especializadas Plastix Tecnolog\u00eda Descripci\u00f3n: Descripci\u00f3n: Plastix Tecnolog\u00eda se especializa en aplicaciones espec\u00edficas de moldeo por inyecci\u00f3n que requieren un enfoque personalizado y soluciones innovadoras. Trabajamos estrechamente con nuestros clientes para desarrollar aplicaciones [&hellip;]<\/p>","protected":false},"author":1,"featured_media":0,"parent":0,"menu_order":0,"comment_status":"closed","ping_status":"closed","template":"elementor_header_footer","meta":{"footnotes":""},"class_list":["post-325","page","type-page","status-publish","hentry"],"_links":{"self":[{"href":"https:\/\/plastix.com.co\/en\/wp-json\/wp\/v2\/pages\/325","targetHints":{"allow":["GET"]}}],"collection":[{"href":"https:\/\/plastix.com.co\/en\/wp-json\/wp\/v2\/pages"}],"about":[{"href":"https:\/\/plastix.com.co\/en\/wp-json\/wp\/v2\/types\/page"}],"author":[{"embeddable":true,"href":"https:\/\/plastix.com.co\/en\/wp-json\/wp\/v2\/users\/1"}],"replies":[{"embeddable":true,"href":"https:\/\/plastix.com.co\/en\/wp-json\/wp\/v2\/comments?post=325"}],"version-history":[{"count":18,"href":"https:\/\/plastix.com.co\/en\/wp-json\/wp\/v2\/pages\/325\/revisions"}],"predecessor-version":[{"id":814,"href":"https:\/\/plastix.com.co\/en\/wp-json\/wp\/v2\/pages\/325\/revisions\/814"}],"wp:attachment":[{"href":"https:\/\/plastix.com.co\/en\/wp-json\/wp\/v2\/media?parent=325"}],"curies":[{"name":"wp","href":"https:\/\/api.w.org\/{rel}","templated":true}]}}