{"id":319,"date":"2024-07-23T23:02:36","date_gmt":"2024-07-23T23:02:36","guid":{"rendered":"https:\/\/plastix.com.co\/?page_id=319"},"modified":"2024-09-03T15:34:10","modified_gmt":"2024-09-03T15:34:10","slug":"fabricacion-de-moldes","status":"publish","type":"page","link":"https:\/\/plastix.com.co\/en\/fabricacion-de-moldes\/","title":{"rendered":"Fabricaci\u00f3n de Moldes"},"content":{"rendered":"<div data-elementor-type=\"wp-page\" data-elementor-id=\"319\" class=\"elementor elementor-319\" data-elementor-post-type=\"page\">\n\t\t\t\t\t\t<section class=\"elementor-section elementor-top-section elementor-element elementor-element-7694d9db elementor-section-boxed elementor-section-height-default elementor-section-height-default\" data-id=\"7694d9db\" data-element_type=\"section\" data-settings=\"{&quot;background_background&quot;:&quot;classic&quot;}\">\n\t\t\t\t\t\t\t<div class=\"elementor-background-overlay\"><\/div>\n\t\t\t\t\t\t\t<div class=\"elementor-container elementor-column-gap-default\">\n\t\t\t\t\t<div class=\"elementor-column elementor-col-100 elementor-top-column elementor-element elementor-element-2edfdcd2\" data-id=\"2edfdcd2\" data-element_type=\"column\">\n\t\t\t<div class=\"elementor-widget-wrap elementor-element-populated\">\n\t\t\t\t\t\t<div class=\"elementor-element elementor-element-514d6bef elementor-widget elementor-widget-heading\" data-id=\"514d6bef\" data-element_type=\"widget\" data-widget_type=\"heading.default\">\n\t\t\t\t<div class=\"elementor-widget-container\">\n\t\t\t\t\t<h1 class=\"elementor-heading-title elementor-size-default\">\nFabricaci\u00f3n de Moldes\n<\/h1>\t\t\t\t<\/div>\n\t\t\t\t<\/div>\n\t\t\t\t<div class=\"elementor-element elementor-element-550d16a9 elementor-widget elementor-widget-heading\" data-id=\"550d16a9\" data-element_type=\"widget\" data-widget_type=\"heading.default\">\n\t\t\t\t<div class=\"elementor-widget-container\">\n\t\t\t\t\t<h5 class=\"elementor-heading-title elementor-size-default\">We offer comprehensive mold maintenance services to ensure your production tools remain in optimal condition.<\/h5>\t\t\t\t<\/div>\n\t\t\t\t<\/div>\n\t\t\t\t\t<\/div>\n\t\t<\/div>\n\t\t\t\t\t<\/div>\n\t\t<\/section>\n\t\t\t\t<section class=\"elementor-section elementor-top-section elementor-element elementor-element-55b72d57 elementor-section-boxed elementor-section-height-default elementor-section-height-default\" data-id=\"55b72d57\" data-element_type=\"section\">\n\t\t\t\t\t\t<div class=\"elementor-container elementor-column-gap-default\">\n\t\t\t\t\t<div class=\"elementor-column elementor-col-100 elementor-top-column elementor-element elementor-element-2616b897\" data-id=\"2616b897\" data-element_type=\"column\" data-settings=\"{&quot;background_background&quot;:&quot;classic&quot;}\">\n\t\t\t<div class=\"elementor-widget-wrap elementor-element-populated\">\n\t\t\t\t\t\t<div class=\"elementor-element elementor-element-2c83167c elementor-icon-list--layout-inline elementor-align-center elementor-list-item-link-full_width elementor-widget elementor-widget-icon-list\" data-id=\"2c83167c\" data-element_type=\"widget\" data-widget_type=\"icon-list.default\">\n\t\t\t\t<div class=\"elementor-widget-container\">\n\t\t\t\t\t\t\t<ul class=\"elementor-icon-list-items elementor-inline-items\">\n\t\t\t\t\t\t\t<li class=\"elementor-icon-list-item elementor-inline-item\">\n\t\t\t\t\t\t\t\t\t\t\t<a href=\"https:\/\/plastix.com.co\/en\/\">\n\n\t\t\t\t\t\t\t\t\t\t\t<span class=\"elementor-icon-list-text\">Home<\/span>\n\t\t\t\t\t\t\t\t\t\t\t<\/a>\n\t\t\t\t\t\t\t\t\t<\/li>\n\t\t\t\t\t\t\t\t<li class=\"elementor-icon-list-item elementor-inline-item\">\n\t\t\t\t\t\t\t\t\t\t\t<a href=\"https:\/\/plastix.com.co\/en\/mantenimiento-de-moldes\/\">\n\n\t\t\t\t\t\t\t\t\t\t\t\t<span class=\"elementor-icon-list-icon\">\n\t\t\t\t\t\t\t<i aria-hidden=\"true\" class=\"icon icon-right-arrow2\"><\/i>\t\t\t\t\t\t<\/span>\n\t\t\t\t\t\t\t\t\t\t<span class=\"elementor-icon-list-text\">Mold Maintenance<\/span>\n\t\t\t\t\t\t\t\t\t\t\t<\/a>\n\t\t\t\t\t\t\t\t\t<\/li>\n\t\t\t\t\t\t<\/ul>\n\t\t\t\t\t\t<\/div>\n\t\t\t\t<\/div>\n\t\t\t\t<div class=\"elementor-element elementor-element-6f1b9989 elementor-widget elementor-widget-heading\" data-id=\"6f1b9989\" data-element_type=\"widget\" data-widget_type=\"heading.default\">\n\t\t\t\t<div class=\"elementor-widget-container\">\n\t\t\t\t\t<h2 class=\"elementor-heading-title elementor-size-default\">Plastix Tecnolog\u00eda<\/h2>\t\t\t\t<\/div>\n\t\t\t\t<\/div>\n\t\t\t\t\t<\/div>\n\t\t<\/div>\n\t\t\t\t\t<\/div>\n\t\t<\/section>\n\t\t\t\t<section class=\"elementor-section elementor-top-section elementor-element elementor-element-abb7981 elementor-section-boxed elementor-section-height-default elementor-section-height-default\" data-id=\"abb7981\" data-element_type=\"section\" data-settings=\"{&quot;background_background&quot;:&quot;classic&quot;}\">\n\t\t\t\t\t\t<div class=\"elementor-container elementor-column-gap-default\">\n\t\t\t\t\t<div class=\"elementor-column elementor-col-50 elementor-top-column elementor-element elementor-element-e03608a\" data-id=\"e03608a\" data-element_type=\"column\">\n\t\t\t<div class=\"elementor-widget-wrap elementor-element-populated\">\n\t\t\t\t\t\t<div class=\"elementor-element elementor-element-6efb7c43 elementor-widget elementor-widget-heading\" data-id=\"6efb7c43\" data-element_type=\"widget\" data-widget_type=\"heading.default\">\n\t\t\t\t<div class=\"elementor-widget-container\">\n\t\t\t\t\t<h2 class=\"elementor-heading-title elementor-size-default\">Description:<\/h2>\t\t\t\t<\/div>\n\t\t\t\t<\/div>\n\t\t\t\t<div class=\"elementor-element elementor-element-51253585 elementor-widget elementor-widget-text-editor\" data-id=\"51253585\" data-element_type=\"widget\" data-widget_type=\"text-editor.default\">\n\t\t\t\t<div class=\"elementor-widget-container\">\n\t\t\t\t\t\t\t\t\t<p>We offer comprehensive mold maintenance services to ensure your production tools remain in optimal condition. Our team performs regular inspections, repairs, and necessary adjustments to extend the lifespan of the molds and ensure continuous, trouble-free production. This service is essential for maintaining efficiency and quality in the injection molding process.<\/p>\t\t\t\t\t\t\t\t<\/div>\n\t\t\t\t<\/div>\n\t\t\t\t<div class=\"elementor-element elementor-element-1854f629 elementor-widget elementor-widget-button\" data-id=\"1854f629\" data-element_type=\"widget\" data-widget_type=\"button.default\">\n\t\t\t\t<div class=\"elementor-widget-container\">\n\t\t\t\t\t\t\t\t\t<div class=\"elementor-button-wrapper\">\n\t\t\t\t\t<a class=\"elementor-button elementor-button-link elementor-size-md\" href=\"https:\/\/plastix.com.co\/en\/contactanos\/\">\n\t\t\t\t\t\t<span class=\"elementor-button-content-wrapper\">\n\t\t\t\t\t\t\t\t\t<span class=\"elementor-button-text\">Contact Us <\/span>\n\t\t\t\t\t<\/span>\n\t\t\t\t\t<\/a>\n\t\t\t\t<\/div>\n\t\t\t\t\t\t\t\t<\/div>\n\t\t\t\t<\/div>\n\t\t\t\t\t<\/div>\n\t\t<\/div>\n\t\t\t\t<div class=\"elementor-column elementor-col-50 elementor-top-column elementor-element elementor-element-6274f18e\" data-id=\"6274f18e\" data-element_type=\"column\">\n\t\t\t<div class=\"elementor-widget-wrap elementor-element-populated\">\n\t\t\t\t\t\t<div class=\"elementor-element elementor-element-2e51b076 elementor-widget elementor-widget-image\" data-id=\"2e51b076\" data-element_type=\"widget\" data-widget_type=\"image.default\">\n\t\t\t\t<div class=\"elementor-widget-container\">\n\t\t\t\t\t\t\t\t\t\t\t\t\t\t\t<img fetchpriority=\"high\" decoding=\"async\" width=\"800\" height=\"535\" src=\"https:\/\/plastix.com.co\/wp-content\/uploads\/2024\/07\/modern-roller-conveyor-system-with-plastic-boxes-2023-11-27-04-58-19-utc-1024x685.jpg\" class=\"attachment-large size-large wp-image-385\" alt=\"\" srcset=\"https:\/\/plastix.com.co\/wp-content\/uploads\/2024\/07\/modern-roller-conveyor-system-with-plastic-boxes-2023-11-27-04-58-19-utc-1024x685.jpg 1024w, https:\/\/plastix.com.co\/wp-content\/uploads\/2024\/07\/modern-roller-conveyor-system-with-plastic-boxes-2023-11-27-04-58-19-utc-300x201.jpg 300w, https:\/\/plastix.com.co\/wp-content\/uploads\/2024\/07\/modern-roller-conveyor-system-with-plastic-boxes-2023-11-27-04-58-19-utc-768x513.jpg 768w, https:\/\/plastix.com.co\/wp-content\/uploads\/2024\/07\/modern-roller-conveyor-system-with-plastic-boxes-2023-11-27-04-58-19-utc-1536x1027.jpg 1536w, https:\/\/plastix.com.co\/wp-content\/uploads\/2024\/07\/modern-roller-conveyor-system-with-plastic-boxes-2023-11-27-04-58-19-utc.jpg 2000w\" sizes=\"(max-width: 800px) 100vw, 800px\" \/>\t\t\t\t\t\t\t\t\t\t\t\t\t\t\t<\/div>\n\t\t\t\t<\/div>\n\t\t\t\t\t<\/div>\n\t\t<\/div>\n\t\t\t\t\t<\/div>\n\t\t<\/section>\n\t\t\t\t<\/div>","protected":false},"excerpt":{"rendered":"<p>Fabricaci\u00f3n de Moldes Ofrecemos servicios completos de mantenimiento de moldes para asegurar que sus herramientas de producci\u00f3n se mantengan en \u00f3ptimas condiciones. Inicio Mantenimiento de Moldes Plastix Tecnolog\u00eda Descripci\u00f3n: Ofrecemos servicios completos de mantenimiento de moldes para asegurar que sus herramientas de producci\u00f3n se mantengan en \u00f3ptimas condiciones. Nuestro equipo realiza inspecciones regulares, reparaciones y [&hellip;]<\/p>","protected":false},"author":1,"featured_media":0,"parent":0,"menu_order":0,"comment_status":"closed","ping_status":"closed","template":"elementor_header_footer","meta":{"footnotes":""},"class_list":["post-319","page","type-page","status-publish","hentry"],"_links":{"self":[{"href":"https:\/\/plastix.com.co\/en\/wp-json\/wp\/v2\/pages\/319","targetHints":{"allow":["GET"]}}],"collection":[{"href":"https:\/\/plastix.com.co\/en\/wp-json\/wp\/v2\/pages"}],"about":[{"href":"https:\/\/plastix.com.co\/en\/wp-json\/wp\/v2\/types\/page"}],"author":[{"embeddable":true,"href":"https:\/\/plastix.com.co\/en\/wp-json\/wp\/v2\/users\/1"}],"replies":[{"embeddable":true,"href":"https:\/\/plastix.com.co\/en\/wp-json\/wp\/v2\/comments?post=319"}],"version-history":[{"count":21,"href":"https:\/\/plastix.com.co\/en\/wp-json\/wp\/v2\/pages\/319\/revisions"}],"predecessor-version":[{"id":807,"href":"https:\/\/plastix.com.co\/en\/wp-json\/wp\/v2\/pages\/319\/revisions\/807"}],"wp:attachment":[{"href":"https:\/\/plastix.com.co\/en\/wp-json\/wp\/v2\/media?parent=319"}],"curies":[{"name":"wp","href":"https:\/\/api.w.org\/{rel}","templated":true}]}}