{"id":301,"date":"2024-07-23T22:59:53","date_gmt":"2024-07-23T22:59:53","guid":{"rendered":"https:\/\/plastix.com.co\/?page_id=301"},"modified":"2024-09-03T15:33:40","modified_gmt":"2024-09-03T15:33:40","slug":"maquila-de-productos","status":"publish","type":"page","link":"https:\/\/plastix.com.co\/en\/maquila-de-productos\/","title":{"rendered":"Maquila de Productos"},"content":{"rendered":"<div data-elementor-type=\"wp-page\" data-elementor-id=\"301\" class=\"elementor elementor-301\" data-elementor-post-type=\"page\">\n\t\t\t\t\t\t<section class=\"elementor-section elementor-top-section elementor-element elementor-element-22671f69 elementor-section-boxed elementor-section-height-default elementor-section-height-default\" data-id=\"22671f69\" data-element_type=\"section\" data-settings=\"{&quot;background_background&quot;:&quot;classic&quot;}\">\n\t\t\t\t\t\t\t<div class=\"elementor-background-overlay\"><\/div>\n\t\t\t\t\t\t\t<div class=\"elementor-container elementor-column-gap-default\">\n\t\t\t\t\t<div class=\"elementor-column elementor-col-100 elementor-top-column elementor-element elementor-element-27cfa455\" data-id=\"27cfa455\" data-element_type=\"column\">\n\t\t\t<div class=\"elementor-widget-wrap elementor-element-populated\">\n\t\t\t\t\t\t<div class=\"elementor-element elementor-element-488ed0f elementor-widget elementor-widget-heading\" data-id=\"488ed0f\" data-element_type=\"widget\" data-widget_type=\"heading.default\">\n\t\t\t\t<div class=\"elementor-widget-container\">\n\t\t\t\t\t<h1 class=\"elementor-heading-title elementor-size-default\">Injection Molding<\/h1>\t\t\t\t<\/div>\n\t\t\t\t<\/div>\n\t\t\t\t<div class=\"elementor-element elementor-element-66ff45c9 elementor-widget elementor-widget-heading\" data-id=\"66ff45c9\" data-element_type=\"widget\" data-widget_type=\"heading.default\">\n\t\t\t\t<div class=\"elementor-widget-container\">\n\t\t\t\t\t<h5 class=\"elementor-heading-title elementor-size-default\">Our injection molding service provides high-performance solutions for manufacturing plastic parts.<\/h5>\t\t\t\t<\/div>\n\t\t\t\t<\/div>\n\t\t\t\t\t<\/div>\n\t\t<\/div>\n\t\t\t\t\t<\/div>\n\t\t<\/section>\n\t\t\t\t<section class=\"elementor-section elementor-top-section elementor-element elementor-element-4be03364 elementor-section-boxed elementor-section-height-default elementor-section-height-default\" data-id=\"4be03364\" data-element_type=\"section\">\n\t\t\t\t\t\t<div class=\"elementor-container elementor-column-gap-default\">\n\t\t\t\t\t<div class=\"elementor-column elementor-col-100 elementor-top-column elementor-element elementor-element-7549460c\" data-id=\"7549460c\" data-element_type=\"column\" data-settings=\"{&quot;background_background&quot;:&quot;classic&quot;}\">\n\t\t\t<div class=\"elementor-widget-wrap elementor-element-populated\">\n\t\t\t\t\t\t<div class=\"elementor-element elementor-element-7dbde0a elementor-icon-list--layout-inline elementor-align-center elementor-list-item-link-full_width elementor-widget elementor-widget-icon-list\" data-id=\"7dbde0a\" data-element_type=\"widget\" data-widget_type=\"icon-list.default\">\n\t\t\t\t<div class=\"elementor-widget-container\">\n\t\t\t\t\t\t\t<ul class=\"elementor-icon-list-items elementor-inline-items\">\n\t\t\t\t\t\t\t<li class=\"elementor-icon-list-item elementor-inline-item\">\n\t\t\t\t\t\t\t\t\t\t\t<a href=\"https:\/\/plastix.com.co\/en\/\">\n\n\t\t\t\t\t\t\t\t\t\t\t<span class=\"elementor-icon-list-text\">Home<\/span>\n\t\t\t\t\t\t\t\t\t\t\t<\/a>\n\t\t\t\t\t\t\t\t\t<\/li>\n\t\t\t\t\t\t\t\t<li class=\"elementor-icon-list-item elementor-inline-item\">\n\t\t\t\t\t\t\t\t\t\t\t<a href=\"https:\/\/plastix.com.co\/en\/inyeccion-por-moldeo\/\">\n\n\t\t\t\t\t\t\t\t\t\t\t\t<span class=\"elementor-icon-list-icon\">\n\t\t\t\t\t\t\t<i aria-hidden=\"true\" class=\"icon icon-right-arrow2\"><\/i>\t\t\t\t\t\t<\/span>\n\t\t\t\t\t\t\t\t\t\t<span class=\"elementor-icon-list-text\">Injection Molding<\/span>\n\t\t\t\t\t\t\t\t\t\t\t<\/a>\n\t\t\t\t\t\t\t\t\t<\/li>\n\t\t\t\t\t\t<\/ul>\n\t\t\t\t\t\t<\/div>\n\t\t\t\t<\/div>\n\t\t\t\t<div class=\"elementor-element elementor-element-4de38a1f elementor-widget elementor-widget-heading\" data-id=\"4de38a1f\" data-element_type=\"widget\" data-widget_type=\"heading.default\">\n\t\t\t\t<div class=\"elementor-widget-container\">\n\t\t\t\t\t<h2 class=\"elementor-heading-title elementor-size-default\">Plastix Tecnolog\u00eda<\/h2>\t\t\t\t<\/div>\n\t\t\t\t<\/div>\n\t\t\t\t\t<\/div>\n\t\t<\/div>\n\t\t\t\t\t<\/div>\n\t\t<\/section>\n\t\t\t\t<section class=\"elementor-section elementor-top-section elementor-element elementor-element-3a641770 elementor-section-boxed elementor-section-height-default elementor-section-height-default\" data-id=\"3a641770\" data-element_type=\"section\" data-settings=\"{&quot;background_background&quot;:&quot;classic&quot;}\">\n\t\t\t\t\t\t<div class=\"elementor-container elementor-column-gap-default\">\n\t\t\t\t\t<div class=\"elementor-column elementor-col-50 elementor-top-column elementor-element elementor-element-13b6d912\" data-id=\"13b6d912\" data-element_type=\"column\">\n\t\t\t<div class=\"elementor-widget-wrap elementor-element-populated\">\n\t\t\t\t\t\t<div class=\"elementor-element elementor-element-20d553c elementor-widget elementor-widget-heading\" data-id=\"20d553c\" data-element_type=\"widget\" data-widget_type=\"heading.default\">\n\t\t\t\t<div class=\"elementor-widget-container\">\n\t\t\t\t\t<h2 class=\"elementor-heading-title elementor-size-default\">Description:<\/h2>\t\t\t\t<\/div>\n\t\t\t\t<\/div>\n\t\t\t\t<div class=\"elementor-element elementor-element-18c59bf6 elementor-widget elementor-widget-text-editor\" data-id=\"18c59bf6\" data-element_type=\"widget\" data-widget_type=\"text-editor.default\">\n\t\t\t\t<div class=\"elementor-widget-container\">\n\t\t\t\t\t\t\t\t\t<p>Our injection molding service provides high-performance solutions for manufacturing plastic parts. We use recycled materials and advanced injection molding techniques to produce robust and precise components. This process allows us to meet the highest quality standards and deliver products that fit our clients' specific needs.<\/p>\t\t\t\t\t\t\t\t<\/div>\n\t\t\t\t<\/div>\n\t\t\t\t<div class=\"elementor-element elementor-element-5237c444 elementor-widget elementor-widget-button\" data-id=\"5237c444\" data-element_type=\"widget\" data-widget_type=\"button.default\">\n\t\t\t\t<div class=\"elementor-widget-container\">\n\t\t\t\t\t\t\t\t\t<div class=\"elementor-button-wrapper\">\n\t\t\t\t\t<a class=\"elementor-button elementor-button-link elementor-size-md\" href=\"https:\/\/plastix.com.co\/en\/contactanos\/\">\n\t\t\t\t\t\t<span class=\"elementor-button-content-wrapper\">\n\t\t\t\t\t\t\t\t\t<span class=\"elementor-button-text\">Contact Us <\/span>\n\t\t\t\t\t<\/span>\n\t\t\t\t\t<\/a>\n\t\t\t\t<\/div>\n\t\t\t\t\t\t\t\t<\/div>\n\t\t\t\t<\/div>\n\t\t\t\t\t<\/div>\n\t\t<\/div>\n\t\t\t\t<div class=\"elementor-column elementor-col-50 elementor-top-column elementor-element elementor-element-4e463759\" data-id=\"4e463759\" data-element_type=\"column\">\n\t\t\t<div class=\"elementor-widget-wrap elementor-element-populated\">\n\t\t\t\t\t\t<div class=\"elementor-element elementor-element-6ac648de elementor-widget elementor-widget-image\" data-id=\"6ac648de\" data-element_type=\"widget\" data-widget_type=\"image.default\">\n\t\t\t\t<div class=\"elementor-widget-container\">\n\t\t\t\t\t\t\t\t\t\t\t\t\t\t\t<img fetchpriority=\"high\" decoding=\"async\" width=\"800\" height=\"533\" src=\"https:\/\/plastix.com.co\/wp-content\/uploads\/2024\/07\/production-of-plastic-cans-2023-11-27-05-05-26-utc-1024x682.jpg\" class=\"attachment-large size-large wp-image-388\" alt=\"\" srcset=\"https:\/\/plastix.com.co\/wp-content\/uploads\/2024\/07\/production-of-plastic-cans-2023-11-27-05-05-26-utc-1024x682.jpg 1024w, https:\/\/plastix.com.co\/wp-content\/uploads\/2024\/07\/production-of-plastic-cans-2023-11-27-05-05-26-utc-300x200.jpg 300w, https:\/\/plastix.com.co\/wp-content\/uploads\/2024\/07\/production-of-plastic-cans-2023-11-27-05-05-26-utc-768x512.jpg 768w, https:\/\/plastix.com.co\/wp-content\/uploads\/2024\/07\/production-of-plastic-cans-2023-11-27-05-05-26-utc-1536x1024.jpg 1536w, https:\/\/plastix.com.co\/wp-content\/uploads\/2024\/07\/production-of-plastic-cans-2023-11-27-05-05-26-utc.jpg 2000w\" sizes=\"(max-width: 800px) 100vw, 800px\" \/>\t\t\t\t\t\t\t\t\t\t\t\t\t\t\t<\/div>\n\t\t\t\t<\/div>\n\t\t\t\t\t<\/div>\n\t\t<\/div>\n\t\t\t\t\t<\/div>\n\t\t<\/section>\n\t\t\t\t<\/div>","protected":false},"excerpt":{"rendered":"<p>Inyecci\u00f3n por Moldeo Nuestro servicio de inyecci\u00f3n por moldeo ofrece soluciones de alto rendimiento para la fabricaci\u00f3n de piezas pl\u00e1sticas. Inicio Inyecci\u00f3n por Moldeo Plastix Tecnolog\u00eda Descripci\u00f3n: Nuestro servicio de inyecci\u00f3n por moldeo ofrece soluciones de alto rendimiento para la fabricaci\u00f3n de piezas pl\u00e1sticas. Utilizamos materiales reciclados y t\u00e9cnicas avanzadas de moldeo por inyecci\u00f3n para [&hellip;]<\/p>","protected":false},"author":1,"featured_media":0,"parent":0,"menu_order":0,"comment_status":"closed","ping_status":"closed","template":"elementor_header_footer","meta":{"footnotes":""},"class_list":["post-301","page","type-page","status-publish","hentry"],"_links":{"self":[{"href":"https:\/\/plastix.com.co\/en\/wp-json\/wp\/v2\/pages\/301","targetHints":{"allow":["GET"]}}],"collection":[{"href":"https:\/\/plastix.com.co\/en\/wp-json\/wp\/v2\/pages"}],"about":[{"href":"https:\/\/plastix.com.co\/en\/wp-json\/wp\/v2\/types\/page"}],"author":[{"embeddable":true,"href":"https:\/\/plastix.com.co\/en\/wp-json\/wp\/v2\/users\/1"}],"replies":[{"embeddable":true,"href":"https:\/\/plastix.com.co\/en\/wp-json\/wp\/v2\/comments?post=301"}],"version-history":[{"count":18,"href":"https:\/\/plastix.com.co\/en\/wp-json\/wp\/v2\/pages\/301\/revisions"}],"predecessor-version":[{"id":804,"href":"https:\/\/plastix.com.co\/en\/wp-json\/wp\/v2\/pages\/301\/revisions\/804"}],"wp:attachment":[{"href":"https:\/\/plastix.com.co\/en\/wp-json\/wp\/v2\/media?parent=301"}],"curies":[{"name":"wp","href":"https:\/\/api.w.org\/{rel}","templated":true}]}}