{"id":291,"date":"2024-07-23T22:57:31","date_gmt":"2024-07-23T22:57:31","guid":{"rendered":"https:\/\/plastix.com.co\/?page_id=291"},"modified":"2025-10-11T17:18:37","modified_gmt":"2025-10-11T17:18:37","slug":"diseno-de-moldes","status":"publish","type":"page","link":"https:\/\/plastix.com.co\/en\/diseno-de-moldes\/","title":{"rendered":"Mold Design"},"content":{"rendered":"<div data-elementor-type=\"wp-page\" data-elementor-id=\"291\" class=\"elementor elementor-291\" data-elementor-post-type=\"page\">\n\t\t\t\t\t\t<section class=\"elementor-section elementor-top-section elementor-element elementor-element-23f269d0 elementor-section-boxed elementor-section-height-default elementor-section-height-default\" data-id=\"23f269d0\" data-element_type=\"section\" data-settings=\"{&quot;background_background&quot;:&quot;classic&quot;}\">\n\t\t\t\t\t\t\t<div class=\"elementor-background-overlay\"><\/div>\n\t\t\t\t\t\t\t<div class=\"elementor-container elementor-column-gap-default\">\n\t\t\t\t\t<div class=\"elementor-column elementor-col-100 elementor-top-column elementor-element elementor-element-549e159c\" data-id=\"549e159c\" data-element_type=\"column\">\n\t\t\t<div class=\"elementor-widget-wrap elementor-element-populated\">\n\t\t\t\t\t\t<div class=\"elementor-element elementor-element-7bf2490b elementor-widget elementor-widget-heading\" data-id=\"7bf2490b\" data-element_type=\"widget\" data-widget_type=\"heading.default\">\n\t\t\t\t<div class=\"elementor-widget-container\">\n\t\t\t\t\t<h1 class=\"elementor-heading-title elementor-size-default\">Mold Design<\/h1>\t\t\t\t<\/div>\n\t\t\t\t<\/div>\n\t\t\t\t<div class=\"elementor-element elementor-element-e677657 elementor-widget elementor-widget-heading\" data-id=\"e677657\" data-element_type=\"widget\" data-widget_type=\"heading.default\">\n\t\t\t\t<div class=\"elementor-widget-container\">\n\t\t\t\t\t<h5 class=\"elementor-heading-title elementor-size-default\">En Plastix Tecnolog\u00eda , contamos con un equipo de expertos en dise\u00f1o de moldes que utiliza las \u00faltimas tecnolog\u00edas en CAD y simulaci\u00f3n para crear moldes personalizados de alta precisi\u00f3n.<\/h5>\t\t\t\t<\/div>\n\t\t\t\t<\/div>\n\t\t\t\t\t<\/div>\n\t\t<\/div>\n\t\t\t\t\t<\/div>\n\t\t<\/section>\n\t\t\t\t<section class=\"elementor-section elementor-top-section elementor-element elementor-element-c671df3 elementor-section-boxed elementor-section-height-default elementor-section-height-default\" data-id=\"c671df3\" data-element_type=\"section\">\n\t\t\t\t\t\t<div class=\"elementor-container elementor-column-gap-default\">\n\t\t\t\t\t<div class=\"elementor-column elementor-col-100 elementor-top-column elementor-element elementor-element-dbb69b6\" data-id=\"dbb69b6\" data-element_type=\"column\" data-settings=\"{&quot;background_background&quot;:&quot;classic&quot;}\">\n\t\t\t<div class=\"elementor-widget-wrap elementor-element-populated\">\n\t\t\t\t\t\t<div class=\"elementor-element elementor-element-3e33a491 elementor-icon-list--layout-inline elementor-align-center elementor-list-item-link-full_width elementor-widget elementor-widget-icon-list\" data-id=\"3e33a491\" data-element_type=\"widget\" data-widget_type=\"icon-list.default\">\n\t\t\t\t<div class=\"elementor-widget-container\">\n\t\t\t\t\t\t\t<ul class=\"elementor-icon-list-items elementor-inline-items\">\n\t\t\t\t\t\t\t<li class=\"elementor-icon-list-item elementor-inline-item\">\n\t\t\t\t\t\t\t\t\t\t\t<a href=\"https:\/\/plastix.com.co\/en\/\">\n\n\t\t\t\t\t\t\t\t\t\t\t<span class=\"elementor-icon-list-text\">Home<\/span>\n\t\t\t\t\t\t\t\t\t\t\t<\/a>\n\t\t\t\t\t\t\t\t\t<\/li>\n\t\t\t\t\t\t\t\t<li class=\"elementor-icon-list-item elementor-inline-item\">\n\t\t\t\t\t\t\t\t\t\t\t<a href=\"https:\/\/plastix.com.co\/en\/diseno-de-moldes\/\">\n\n\t\t\t\t\t\t\t\t\t\t\t\t<span class=\"elementor-icon-list-icon\">\n\t\t\t\t\t\t\t<i aria-hidden=\"true\" class=\"icon icon-right-arrow2\"><\/i>\t\t\t\t\t\t<\/span>\n\t\t\t\t\t\t\t\t\t\t<span class=\"elementor-icon-list-text\">Mold Design<\/span>\n\t\t\t\t\t\t\t\t\t\t\t<\/a>\n\t\t\t\t\t\t\t\t\t<\/li>\n\t\t\t\t\t\t<\/ul>\n\t\t\t\t\t\t<\/div>\n\t\t\t\t<\/div>\n\t\t\t\t<div class=\"elementor-element elementor-element-299921a2 elementor-widget elementor-widget-heading\" data-id=\"299921a2\" data-element_type=\"widget\" data-widget_type=\"heading.default\">\n\t\t\t\t<div class=\"elementor-widget-container\">\n\t\t\t\t\t<h2 class=\"elementor-heading-title elementor-size-default\">PlastiX Tecnolog\u00eda<\/h2>\t\t\t\t<\/div>\n\t\t\t\t<\/div>\n\t\t\t\t\t<\/div>\n\t\t<\/div>\n\t\t\t\t\t<\/div>\n\t\t<\/section>\n\t\t\t\t<section class=\"elementor-section elementor-top-section elementor-element elementor-element-61dbe9ae elementor-section-boxed elementor-section-height-default elementor-section-height-default\" data-id=\"61dbe9ae\" data-element_type=\"section\" data-settings=\"{&quot;background_background&quot;:&quot;classic&quot;}\">\n\t\t\t\t\t\t<div class=\"elementor-container elementor-column-gap-default\">\n\t\t\t\t\t<div class=\"elementor-column elementor-col-50 elementor-top-column elementor-element elementor-element-373147e5\" data-id=\"373147e5\" data-element_type=\"column\">\n\t\t\t<div class=\"elementor-widget-wrap elementor-element-populated\">\n\t\t\t\t\t\t<div class=\"elementor-element elementor-element-7974f6de elementor-widget elementor-widget-heading\" data-id=\"7974f6de\" data-element_type=\"widget\" data-widget_type=\"heading.default\">\n\t\t\t\t<div class=\"elementor-widget-container\">\n\t\t\t\t\t<h2 class=\"elementor-heading-title elementor-size-default\">Description:<\/h2>\t\t\t\t<\/div>\n\t\t\t\t<\/div>\n\t\t\t\t<div class=\"elementor-element elementor-element-463421c5 elementor-widget elementor-widget-text-editor\" data-id=\"463421c5\" data-element_type=\"widget\" data-widget_type=\"text-editor.default\">\n\t\t\t\t<div class=\"elementor-widget-container\">\n\t\t\t\t\t\t\t\t\t<p>En <strong>PlastiX Tecnolog\u00eda<\/strong> , contamos con un equipo de expertos en dise\u00f1o de moldes que utiliza las \u00faltimas tecnolog\u00edas en CAD y simulaci\u00f3n para crear moldes personalizados de alta precisi\u00f3n. Nos aseguramos de que cada molde est\u00e9 optimizado para la producci\u00f3n eficiente y de calidad, atendiendo a las especificaciones exactas de nuestros clientes y garantizando la durabilidad y el rendimiento de cada pieza producida.<\/p>\t\t\t\t\t\t\t\t<\/div>\n\t\t\t\t<\/div>\n\t\t\t\t<div class=\"elementor-element elementor-element-de4178e elementor-widget elementor-widget-button\" data-id=\"de4178e\" data-element_type=\"widget\" data-widget_type=\"button.default\">\n\t\t\t\t<div class=\"elementor-widget-container\">\n\t\t\t\t\t\t\t\t\t<div class=\"elementor-button-wrapper\">\n\t\t\t\t\t<a class=\"elementor-button elementor-button-link elementor-size-md\" href=\"https:\/\/plastix.com.co\/en\/contactanos\/\">\n\t\t\t\t\t\t<span class=\"elementor-button-content-wrapper\">\n\t\t\t\t\t\t\t\t\t<span class=\"elementor-button-text\">Contact Us <\/span>\n\t\t\t\t\t<\/span>\n\t\t\t\t\t<\/a>\n\t\t\t\t<\/div>\n\t\t\t\t\t\t\t\t<\/div>\n\t\t\t\t<\/div>\n\t\t\t\t\t<\/div>\n\t\t<\/div>\n\t\t\t\t<div class=\"elementor-column elementor-col-50 elementor-top-column elementor-element elementor-element-440d56d9\" data-id=\"440d56d9\" data-element_type=\"column\">\n\t\t\t<div class=\"elementor-widget-wrap elementor-element-populated\">\n\t\t\t\t\t\t<div class=\"elementor-element elementor-element-b9c50e8 elementor-widget elementor-widget-image\" data-id=\"b9c50e8\" data-element_type=\"widget\" data-widget_type=\"image.default\">\n\t\t\t\t<div class=\"elementor-widget-container\">\n\t\t\t\t\t\t\t\t\t\t\t\t\t\t\t<img fetchpriority=\"high\" decoding=\"async\" width=\"800\" height=\"533\" src=\"https:\/\/plastix.com.co\/wp-content\/uploads\/2024\/07\/confectionery-factory-worker-packing-box-into-plas-2023-11-27-05-11-05-utc-1024x682.jpg\" class=\"attachment-large size-large wp-image-383\" alt=\"\" srcset=\"https:\/\/plastix.com.co\/wp-content\/uploads\/2024\/07\/confectionery-factory-worker-packing-box-into-plas-2023-11-27-05-11-05-utc-1024x682.jpg 1024w, https:\/\/plastix.com.co\/wp-content\/uploads\/2024\/07\/confectionery-factory-worker-packing-box-into-plas-2023-11-27-05-11-05-utc-300x200.jpg 300w, https:\/\/plastix.com.co\/wp-content\/uploads\/2024\/07\/confectionery-factory-worker-packing-box-into-plas-2023-11-27-05-11-05-utc-768x512.jpg 768w, https:\/\/plastix.com.co\/wp-content\/uploads\/2024\/07\/confectionery-factory-worker-packing-box-into-plas-2023-11-27-05-11-05-utc-1536x1024.jpg 1536w, https:\/\/plastix.com.co\/wp-content\/uploads\/2024\/07\/confectionery-factory-worker-packing-box-into-plas-2023-11-27-05-11-05-utc.jpg 2000w\" sizes=\"(max-width: 800px) 100vw, 800px\" \/>\t\t\t\t\t\t\t\t\t\t\t\t\t\t\t<\/div>\n\t\t\t\t<\/div>\n\t\t\t\t\t<\/div>\n\t\t<\/div>\n\t\t\t\t\t<\/div>\n\t\t<\/section>\n\t\t\t\t<\/div>","protected":false},"excerpt":{"rendered":"<p>Dise\u00f1o de Moldes En Plastix Tecnolog\u00eda , contamos con un equipo de expertos en dise\u00f1o de moldes que utiliza las \u00faltimas tecnolog\u00edas en CAD y simulaci\u00f3n para crear moldes personalizados de alta precisi\u00f3n. Inicio Dise\u00f1o de Moldes PlastiX Tecnolog\u00eda Descripci\u00f3n: En PlastiX Tecnolog\u00eda , contamos con un equipo de expertos en dise\u00f1o de moldes que [&hellip;]<\/p>","protected":false},"author":1,"featured_media":0,"parent":0,"menu_order":0,"comment_status":"closed","ping_status":"closed","template":"elementor_header_footer","meta":{"footnotes":""},"class_list":["post-291","page","type-page","status-publish","hentry"],"_links":{"self":[{"href":"https:\/\/plastix.com.co\/en\/wp-json\/wp\/v2\/pages\/291","targetHints":{"allow":["GET"]}}],"collection":[{"href":"https:\/\/plastix.com.co\/en\/wp-json\/wp\/v2\/pages"}],"about":[{"href":"https:\/\/plastix.com.co\/en\/wp-json\/wp\/v2\/types\/page"}],"author":[{"embeddable":true,"href":"https:\/\/plastix.com.co\/en\/wp-json\/wp\/v2\/users\/1"}],"replies":[{"embeddable":true,"href":"https:\/\/plastix.com.co\/en\/wp-json\/wp\/v2\/comments?post=291"}],"version-history":[{"count":33,"href":"https:\/\/plastix.com.co\/en\/wp-json\/wp\/v2\/pages\/291\/revisions"}],"predecessor-version":[{"id":934,"href":"https:\/\/plastix.com.co\/en\/wp-json\/wp\/v2\/pages\/291\/revisions\/934"}],"wp:attachment":[{"href":"https:\/\/plastix.com.co\/en\/wp-json\/wp\/v2\/media?parent=291"}],"curies":[{"name":"wp","href":"https:\/\/api.w.org\/{rel}","templated":true}]}}