{"id":161,"date":"2024-07-19T16:29:09","date_gmt":"2024-07-19T16:29:09","guid":{"rendered":"https:\/\/plastix.com.co\/?page_id=161"},"modified":"2024-09-03T21:26:59","modified_gmt":"2024-09-03T21:26:59","slug":"nosotros","status":"publish","type":"page","link":"https:\/\/plastix.com.co\/en\/nosotros\/","title":{"rendered":"About Us"},"content":{"rendered":"<div data-elementor-type=\"wp-page\" data-elementor-id=\"161\" class=\"elementor elementor-161\" data-elementor-post-type=\"page\">\n\t\t\t\t\t\t<section class=\"elementor-section elementor-top-section elementor-element elementor-element-7d47855f elementor-section-boxed elementor-section-height-default elementor-section-height-default\" data-id=\"7d47855f\" data-element_type=\"section\" data-settings=\"{&quot;background_background&quot;:&quot;classic&quot;}\">\n\t\t\t\t\t\t\t<div class=\"elementor-background-overlay\"><\/div>\n\t\t\t\t\t\t\t<div class=\"elementor-container elementor-column-gap-default\">\n\t\t\t\t\t<div class=\"elementor-column elementor-col-100 elementor-top-column elementor-element elementor-element-3dd0a60f\" data-id=\"3dd0a60f\" data-element_type=\"column\">\n\t\t\t<div class=\"elementor-widget-wrap elementor-element-populated\">\n\t\t\t\t\t\t<div class=\"elementor-element elementor-element-145d04b3 elementor-widget elementor-widget-heading\" data-id=\"145d04b3\" data-element_type=\"widget\" data-widget_type=\"heading.default\">\n\t\t\t\t<div class=\"elementor-widget-container\">\n\t\t\t\t\t<h1 class=\"elementor-heading-title elementor-size-default\">About Us<\/h1>\t\t\t\t<\/div>\n\t\t\t\t<\/div>\n\t\t\t\t<div class=\"elementor-element elementor-element-38ef7294 elementor-widget elementor-widget-heading\" data-id=\"38ef7294\" data-element_type=\"widget\" data-widget_type=\"heading.default\">\n\t\t\t\t<div class=\"elementor-widget-container\">\n\t\t\t\t\t<h5 class=\"elementor-heading-title elementor-size-default\">En Plastix, nos dedicamos a transformar la industria del pl\u00e1stico mediante la innovaci\u00f3n y la sostenibilidad.<\/h5>\t\t\t\t<\/div>\n\t\t\t\t<\/div>\n\t\t\t\t\t<\/div>\n\t\t<\/div>\n\t\t\t\t\t<\/div>\n\t\t<\/section>\n\t\t\t\t<section class=\"elementor-section elementor-top-section elementor-element elementor-element-57231a61 elementor-section-boxed elementor-section-height-default elementor-section-height-default\" data-id=\"57231a61\" data-element_type=\"section\">\n\t\t\t\t\t\t<div class=\"elementor-container elementor-column-gap-default\">\n\t\t\t\t\t<div class=\"elementor-column elementor-col-100 elementor-top-column elementor-element elementor-element-7028f256\" data-id=\"7028f256\" data-element_type=\"column\" data-settings=\"{&quot;background_background&quot;:&quot;classic&quot;}\">\n\t\t\t<div class=\"elementor-widget-wrap elementor-element-populated\">\n\t\t\t\t\t\t<div class=\"elementor-element elementor-element-6f4a47eb elementor-icon-list--layout-inline elementor-align-center elementor-list-item-link-full_width elementor-widget elementor-widget-icon-list\" data-id=\"6f4a47eb\" data-element_type=\"widget\" data-widget_type=\"icon-list.default\">\n\t\t\t\t<div class=\"elementor-widget-container\">\n\t\t\t\t\t\t\t<ul class=\"elementor-icon-list-items elementor-inline-items\">\n\t\t\t\t\t\t\t<li class=\"elementor-icon-list-item elementor-inline-item\">\n\t\t\t\t\t\t\t\t\t\t\t<a href=\"https:\/\/plastix.com.co\/en\/\">\n\n\t\t\t\t\t\t\t\t\t\t\t<span class=\"elementor-icon-list-text\">Home<\/span>\n\t\t\t\t\t\t\t\t\t\t\t<\/a>\n\t\t\t\t\t\t\t\t\t<\/li>\n\t\t\t\t\t\t\t\t<li class=\"elementor-icon-list-item elementor-inline-item\">\n\t\t\t\t\t\t\t\t\t\t\t<a href=\"https:\/\/plastix.com.co\/en\/nosotros\/\">\n\n\t\t\t\t\t\t\t\t\t\t\t\t<span class=\"elementor-icon-list-icon\">\n\t\t\t\t\t\t\t<i aria-hidden=\"true\" class=\"icon icon-right-arrow2\"><\/i>\t\t\t\t\t\t<\/span>\n\t\t\t\t\t\t\t\t\t\t<span class=\"elementor-icon-list-text\">About Us<\/span>\n\t\t\t\t\t\t\t\t\t\t\t<\/a>\n\t\t\t\t\t\t\t\t\t<\/li>\n\t\t\t\t\t\t<\/ul>\n\t\t\t\t\t\t<\/div>\n\t\t\t\t<\/div>\n\t\t\t\t<div class=\"elementor-element elementor-element-790e1968 elementor-widget elementor-widget-heading\" data-id=\"790e1968\" data-element_type=\"widget\" data-widget_type=\"heading.default\">\n\t\t\t\t<div class=\"elementor-widget-container\">\n\t\t\t\t\t<h2 class=\"elementor-heading-title elementor-size-default\">About Us<\/h2>\t\t\t\t<\/div>\n\t\t\t\t<\/div>\n\t\t\t\t\t<\/div>\n\t\t<\/div>\n\t\t\t\t\t<\/div>\n\t\t<\/section>\n\t\t\t\t<section class=\"elementor-section elementor-top-section elementor-element elementor-element-3567e6b4 elementor-section-boxed elementor-section-height-default elementor-section-height-default\" data-id=\"3567e6b4\" data-element_type=\"section\" data-settings=\"{&quot;background_background&quot;:&quot;classic&quot;}\">\n\t\t\t\t\t\t<div class=\"elementor-container elementor-column-gap-default\">\n\t\t\t\t\t<div class=\"elementor-column elementor-col-50 elementor-top-column elementor-element elementor-element-34ddd69a\" data-id=\"34ddd69a\" data-element_type=\"column\">\n\t\t\t<div class=\"elementor-widget-wrap elementor-element-populated\">\n\t\t\t\t\t\t<div class=\"elementor-element elementor-element-4c7a54f7 elementor-widget elementor-widget-image\" data-id=\"4c7a54f7\" data-element_type=\"widget\" data-widget_type=\"image.default\">\n\t\t\t\t<div class=\"elementor-widget-container\">\n\t\t\t\t\t\t\t\t\t\t\t\t\t\t\t<img fetchpriority=\"high\" decoding=\"async\" width=\"1668\" height=\"1667\" src=\"https:\/\/plastix.com.co\/wp-content\/uploads\/2024\/07\/business-consulting-2023-11-27-04-52-14-utc.jpg\" class=\"attachment-full size-full wp-image-342\" alt=\"\" srcset=\"https:\/\/plastix.com.co\/wp-content\/uploads\/2024\/07\/business-consulting-2023-11-27-04-52-14-utc.jpg 1668w, https:\/\/plastix.com.co\/wp-content\/uploads\/2024\/07\/business-consulting-2023-11-27-04-52-14-utc-300x300.jpg 300w, https:\/\/plastix.com.co\/wp-content\/uploads\/2024\/07\/business-consulting-2023-11-27-04-52-14-utc-1024x1024.jpg 1024w, https:\/\/plastix.com.co\/wp-content\/uploads\/2024\/07\/business-consulting-2023-11-27-04-52-14-utc-150x150.jpg 150w, https:\/\/plastix.com.co\/wp-content\/uploads\/2024\/07\/business-consulting-2023-11-27-04-52-14-utc-768x768.jpg 768w, https:\/\/plastix.com.co\/wp-content\/uploads\/2024\/07\/business-consulting-2023-11-27-04-52-14-utc-1536x1536.jpg 1536w\" sizes=\"(max-width: 1668px) 100vw, 1668px\" \/>\t\t\t\t\t\t\t\t\t\t\t\t\t\t\t<\/div>\n\t\t\t\t<\/div>\n\t\t\t\t\t<\/div>\n\t\t<\/div>\n\t\t\t\t<div class=\"elementor-column elementor-col-50 elementor-top-column elementor-element elementor-element-cf17cf4\" data-id=\"cf17cf4\" data-element_type=\"column\" data-settings=\"{&quot;background_background&quot;:&quot;classic&quot;}\">\n\t\t\t<div class=\"elementor-widget-wrap elementor-element-populated\">\n\t\t\t\t\t\t<div class=\"elementor-element elementor-element-1e172a7f elementor-widget elementor-widget-heading\" data-id=\"1e172a7f\" data-element_type=\"widget\" data-widget_type=\"heading.default\">\n\t\t\t\t<div class=\"elementor-widget-container\">\n\t\t\t\t\t<h6 class=\"elementor-heading-title elementor-size-default\">History<\/h6>\t\t\t\t<\/div>\n\t\t\t\t<\/div>\n\t\t\t\t<div class=\"elementor-element elementor-element-6c61f2f8 elementor-widget elementor-widget-heading\" data-id=\"6c61f2f8\" data-element_type=\"widget\" data-widget_type=\"heading.default\">\n\t\t\t\t<div class=\"elementor-widget-container\">\n\t\t\t\t\t<h2 class=\"elementor-heading-title elementor-size-default\">Who We Are<\/h2>\t\t\t\t<\/div>\n\t\t\t\t<\/div>\n\t\t\t\t<div class=\"elementor-element elementor-element-3b0fe9a3 elementor-widget elementor-widget-text-editor\" data-id=\"3b0fe9a3\" data-element_type=\"widget\" data-widget_type=\"text-editor.default\">\n\t\t\t\t<div class=\"elementor-widget-container\">\n\t\t\t\t\t\t\t\t\t<p>En <strong>Plastix <\/strong>, nos dedicamos a transformar la industria del pl\u00e1stico mediante la innovaci\u00f3n y la sostenibilidad. Somos una empresa l\u00edder en la producci\u00f3n de productos moldeados por inyecci\u00f3n personalizados, especializados en el uso de materiales reciclados. Con m\u00e1s de 20 a\u00f1os de experiencia en el sector, nuestro objetivo es ofrecer soluciones de alta calidad que cumplan con los est\u00e1ndares m\u00e1s exigentes, al mismo tiempo que promovemos pr\u00e1cticas responsables y amigables con el medio ambiente.<\/p>\t\t\t\t\t\t\t\t<\/div>\n\t\t\t\t<\/div>\n\t\t\t\t\t<\/div>\n\t\t<\/div>\n\t\t\t\t\t<\/div>\n\t\t<\/section>\n\t\t\t\t<section class=\"elementor-section elementor-top-section elementor-element elementor-element-7a61fdca elementor-reverse-mobile elementor-section-boxed elementor-section-height-default elementor-section-height-default\" data-id=\"7a61fdca\" data-element_type=\"section\" data-settings=\"{&quot;background_background&quot;:&quot;classic&quot;}\">\n\t\t\t\t\t\t<div class=\"elementor-container elementor-column-gap-default\">\n\t\t\t\t\t<div class=\"elementor-column elementor-col-50 elementor-top-column elementor-element elementor-element-838c67\" data-id=\"838c67\" data-element_type=\"column\" data-settings=\"{&quot;background_background&quot;:&quot;classic&quot;}\">\n\t\t\t<div class=\"elementor-widget-wrap elementor-element-populated\">\n\t\t\t\t\t\t<div class=\"elementor-element elementor-element-3063c343 elementor-widget elementor-widget-heading\" data-id=\"3063c343\" data-element_type=\"widget\" data-widget_type=\"heading.default\">\n\t\t\t\t<div class=\"elementor-widget-container\">\n\t\t\t\t\t<h2 class=\"elementor-heading-title elementor-size-default\">Our Values\n\n<\/h2>\t\t\t\t<\/div>\n\t\t\t\t<\/div>\n\t\t\t\t<div class=\"elementor-element elementor-element-729500f0 elementor-widget elementor-widget-text-editor\" data-id=\"729500f0\" data-element_type=\"widget\" data-widget_type=\"text-editor.default\">\n\t\t\t\t<div class=\"elementor-widget-container\">\n\t\t\t\t\t\t\t\t\t<ul><li class=\"translation-block\"><strong>Innovation<\/strong>: We stay at the forefront of technology and innovation, constantly seeking new ways to improve our processes and products.<\/li><li class=\"translation-block\"><strong>Sustainability<\/strong>: We are committed to reducing the environmental impact of our operations through the use of recycled materials and sustainable practices.<\/li><li class=\"translation-block\"><strong>Quality<\/strong>: Quality is our priority. Every product we manufacture meets the highest standards of performance and durability.<\/li><li class=\"translation-block\"><strong>Commitment<\/strong>: We are dedicated to meeting our clients' needs and exceeding their expectations with personalized and efficient solutions.<\/li><li class=\"translation-block\"><strong>Ethics<\/strong> We operate with integrity and responsibility, upholding high ethical standards in all our activities.<\/li><\/ul>\t\t\t\t\t\t\t\t<\/div>\n\t\t\t\t<\/div>\n\t\t\t\t<div class=\"elementor-element elementor-element-386b1abe ekit-equal-height-disable elementor-widget elementor-widget-elementskit-icon-box\" data-id=\"386b1abe\" data-element_type=\"widget\" data-widget_type=\"elementskit-icon-box.default\">\n\t\t\t\t<div class=\"elementor-widget-container\">\n\t\t\t\t\t<div class=\"ekit-wid-con\" >        <!-- link opening -->\n                <!-- end link opening -->\n\n        <div class=\"elementskit-infobox text-left text-left icon-lef-right-aligin elementor-animation- media\">\n                    <div class=\"elementskit-box-header elementor-animation-\">\n                <div class=\"elementskit-info-box-icon  text-center\">\n                    <i aria-hidden=\"true\" class=\"elementkit-infobox-icon icon icon-idea_generate\"><\/i>\n                <\/div>\n          <\/div>\n                        <div class=\"box-body\">\n                            <h3 class=\"elementskit-info-box-title\">\n                    Our Vision                <\/h3>\n                        \t\t  \t<p>We envision a future where the use of recycled materials is the norm, not the exception. At Eusse Technology, we aspire to lead this transformation by setting new standards of quality and sustainability in the plastics industry. We aim to be recognized not only for the excellence of our products but also for our commitment to environmental preservation.<\/p>\n                                <\/div>\n        \n        \n                <\/div>\n        <\/div>\t\t\t\t<\/div>\n\t\t\t\t<\/div>\n\t\t\t\t<div class=\"elementor-element elementor-element-1eab0190 ekit-equal-height-disable elementor-widget elementor-widget-elementskit-icon-box\" data-id=\"1eab0190\" data-element_type=\"widget\" data-widget_type=\"elementskit-icon-box.default\">\n\t\t\t\t<div class=\"elementor-widget-container\">\n\t\t\t\t\t<div class=\"ekit-wid-con\" >        <!-- link opening -->\n                <!-- end link opening -->\n\n        <div class=\"elementskit-infobox text-left text-left icon-lef-right-aligin elementor-animation- media\">\n                    <div class=\"elementskit-box-header elementor-animation-\">\n                <div class=\"elementskit-info-box-icon  text-center\">\n                    <i aria-hidden=\"true\" class=\"elementkit-infobox-icon icon icon-handshake\"><\/i>\n                <\/div>\n          <\/div>\n                        <div class=\"box-body\">\n                            <h3 class=\"elementskit-info-box-title\">\n                    Our Vision                <\/h3>\n                        \t\t  \t<p>Our mission is to provide our clients with high-performance plastic products that are sustainable and cost-effective. We strive to be a reliable and committed partner, offering innovative and efficient solutions that enhance people's quality of life and contribute to a greener future.<\/p>\n                                <\/div>\n        \n        \n                <\/div>\n        <\/div>\t\t\t\t<\/div>\n\t\t\t\t<\/div>\n\t\t\t\t\t<\/div>\n\t\t<\/div>\n\t\t\t\t<div class=\"elementor-column elementor-col-50 elementor-top-column elementor-element elementor-element-6bce9ad3\" data-id=\"6bce9ad3\" data-element_type=\"column\">\n\t\t\t<div class=\"elementor-widget-wrap elementor-element-populated\">\n\t\t\t\t\t\t<div class=\"elementor-element elementor-element-606e3a27 elementor-widget elementor-widget-image\" data-id=\"606e3a27\" data-element_type=\"widget\" data-widget_type=\"image.default\">\n\t\t\t\t<div class=\"elementor-widget-container\">\n\t\t\t\t\t\t\t\t\t\t\t\t\t\t\t<img decoding=\"async\" width=\"2000\" height=\"1335\" src=\"https:\/\/plastix.com.co\/wp-content\/uploads\/2024\/07\/business-team-showing-unity-business-success-team-concept.jpg\" class=\"attachment-full size-full wp-image-26\" alt=\"\" srcset=\"https:\/\/plastix.com.co\/wp-content\/uploads\/2024\/07\/business-team-showing-unity-business-success-team-concept.jpg 2000w, https:\/\/plastix.com.co\/wp-content\/uploads\/2024\/07\/business-team-showing-unity-business-success-team-concept-300x200.jpg 300w, https:\/\/plastix.com.co\/wp-content\/uploads\/2024\/07\/business-team-showing-unity-business-success-team-concept-1024x684.jpg 1024w, https:\/\/plastix.com.co\/wp-content\/uploads\/2024\/07\/business-team-showing-unity-business-success-team-concept-768x513.jpg 768w, https:\/\/plastix.com.co\/wp-content\/uploads\/2024\/07\/business-team-showing-unity-business-success-team-concept-1536x1025.jpg 1536w\" sizes=\"(max-width: 2000px) 100vw, 2000px\" \/>\t\t\t\t\t\t\t\t\t\t\t\t\t\t\t<\/div>\n\t\t\t\t<\/div>\n\t\t\t\t\t<\/div>\n\t\t<\/div>\n\t\t\t\t\t<\/div>\n\t\t<\/section>\n\t\t\t\t<section class=\"elementor-section elementor-top-section elementor-element elementor-element-28f548a2 elementor-section-content-middle elementor-section-boxed elementor-section-height-default elementor-section-height-default\" data-id=\"28f548a2\" data-element_type=\"section\" data-settings=\"{&quot;background_background&quot;:&quot;classic&quot;}\">\n\t\t\t\t\t\t\t<div class=\"elementor-background-overlay\"><\/div>\n\t\t\t\t\t\t\t<div class=\"elementor-container elementor-column-gap-default\">\n\t\t\t\t\t<div class=\"elementor-column elementor-col-50 elementor-top-column elementor-element elementor-element-7af3b7be\" data-id=\"7af3b7be\" data-element_type=\"column\">\n\t\t\t<div class=\"elementor-widget-wrap elementor-element-populated\">\n\t\t\t\t\t\t<div class=\"elementor-element elementor-element-66a2717d elementor-widget elementor-widget-heading\" data-id=\"66a2717d\" data-element_type=\"widget\" data-widget_type=\"heading.default\">\n\t\t\t\t<div class=\"elementor-widget-container\">\n\t\t\t\t\t<h1 class=\"elementor-heading-title elementor-size-default\">Contact Us<\/h1>\t\t\t\t<\/div>\n\t\t\t\t<\/div>\n\t\t\t\t<div class=\"elementor-element elementor-element-596d0065 elementor-widget elementor-widget-heading\" data-id=\"596d0065\" data-element_type=\"widget\" data-widget_type=\"heading.default\">\n\t\t\t\t<div class=\"elementor-widget-container\">\n\t\t\t\t\t<h5 class=\"elementor-heading-title elementor-size-default\">We\u2019re here to help. If you have any questions or need more information about our services, please don\u2019t hesitate to reach out. Our team of experts is ready to provide you with personalized and effective solutions to meet your needs.<\/h5>\t\t\t\t<\/div>\n\t\t\t\t<\/div>\n\t\t\t\t<div class=\"elementor-element elementor-element-822ef91 elementor-widget elementor-widget-button\" data-id=\"822ef91\" data-element_type=\"widget\" data-widget_type=\"button.default\">\n\t\t\t\t<div class=\"elementor-widget-container\">\n\t\t\t\t\t\t\t\t\t<div class=\"elementor-button-wrapper\">\n\t\t\t\t\t<a class=\"elementor-button elementor-button-link elementor-size-md\" href=\"https:\/\/plastix.com.co\/en\/contactanos\/\">\n\t\t\t\t\t\t<span class=\"elementor-button-content-wrapper\">\n\t\t\t\t\t\t\t\t\t<span class=\"elementor-button-text\">Contact Us <\/span>\n\t\t\t\t\t<\/span>\n\t\t\t\t\t<\/a>\n\t\t\t\t<\/div>\n\t\t\t\t\t\t\t\t<\/div>\n\t\t\t\t<\/div>\n\t\t\t\t\t<\/div>\n\t\t<\/div>\n\t\t\t\t<div class=\"elementor-column elementor-col-50 elementor-top-column elementor-element elementor-element-5d627f\" data-id=\"5d627f\" data-element_type=\"column\">\n\t\t\t<div class=\"elementor-widget-wrap\">\n\t\t\t\t\t\t\t<\/div>\n\t\t<\/div>\n\t\t\t\t\t<\/div>\n\t\t<\/section>\n\t\t\t\t<\/div>","protected":false},"excerpt":{"rendered":"<p>Nosotros En Plastix, nos dedicamos a transformar la industria del pl\u00e1stico mediante la innovaci\u00f3n y la sostenibilidad. Inicio Nosotros Historia Qui\u00e9nes Somos En Plastix , nos dedicamos a transformar la industria del pl\u00e1stico mediante la innovaci\u00f3n y la sostenibilidad. Somos una empresa l\u00edder en la producci\u00f3n de productos moldeados por inyecci\u00f3n personalizados, especializados en el [&hellip;]<\/p>","protected":false},"author":1,"featured_media":0,"parent":0,"menu_order":0,"comment_status":"closed","ping_status":"closed","template":"elementor_header_footer","meta":{"footnotes":""},"class_list":["post-161","page","type-page","status-publish","hentry"],"_links":{"self":[{"href":"https:\/\/plastix.com.co\/en\/wp-json\/wp\/v2\/pages\/161","targetHints":{"allow":["GET"]}}],"collection":[{"href":"https:\/\/plastix.com.co\/en\/wp-json\/wp\/v2\/pages"}],"about":[{"href":"https:\/\/plastix.com.co\/en\/wp-json\/wp\/v2\/types\/page"}],"author":[{"embeddable":true,"href":"https:\/\/plastix.com.co\/en\/wp-json\/wp\/v2\/users\/1"}],"replies":[{"embeddable":true,"href":"https:\/\/plastix.com.co\/en\/wp-json\/wp\/v2\/comments?post=161"}],"version-history":[{"count":46,"href":"https:\/\/plastix.com.co\/en\/wp-json\/wp\/v2\/pages\/161\/revisions"}],"predecessor-version":[{"id":870,"href":"https:\/\/plastix.com.co\/en\/wp-json\/wp\/v2\/pages\/161\/revisions\/870"}],"wp:attachment":[{"href":"https:\/\/plastix.com.co\/en\/wp-json\/wp\/v2\/media?parent=161"}],"curies":[{"name":"wp","href":"https:\/\/api.w.org\/{rel}","templated":true}]}}